{"id":2,"date":"2024-11-22T09:40:32","date_gmt":"2024-11-22T09:40:32","guid":{"rendered":"https:\/\/zlatnigod.hr\/?page_id=2"},"modified":"2025-05-14T20:09:19","modified_gmt":"2025-05-14T20:09:19","slug":"sample-page","status":"publish","type":"page","link":"https:\/\/zlatnigod.hr\/","title":{"rendered":"O nama"},"content":{"rendered":"\n<p><strong>Zlatni God j.d.o.o.<\/strong> za gospodarenje \u0161umama, usluge u \u0161umarstvu i trgovinu drvom, za\u017eivjela je 2023. godine. Osniva\u010d tvrtke i njen direktor, Josip Pe\u0161ut, jo\u0161 kao obrtnik je kroz godine rada ostvario brojna poznanstva u drvnoj industriji; partnerstva koja su danas okosnica planova tvrtke i razlog njenog brzog uspona.<\/p>\n\n\n\n<p>Licencirani smo izvo\u0111a\u010d radova za uzgoj i eksploataciju \u0161uma, a prete\u017eite djelatnosti su nam trgovina trupcima, prerada i prodaja ogrjevnog drva. Naj\u010de\u0161\u0107i dobavlja\u010di su nam privatni \u0161umoposjednici. Vr\u0161imo veleprodaju i maloprodaju, a robu plasiramo na doma\u0107e i inozemno tr\u017ei\u0161te.<\/p>\n\n\n\n<div style=\"height:54px\" aria-hidden=\"true\" class=\"wp-block-spacer\"><\/div>\n\n\n\n<div class=\"wp-block-columns is-layout-flex wp-container-core-columns-is-layout-9d6595d7 wp-block-columns-is-layout-flex\">\n<div class=\"wp-block-column is-layout-flow wp-block-column-is-layout-flow\" style=\"flex-basis:33.33%\">\n<figure class=\"wp-block-image size-large\"><img loading=\"lazy\" decoding=\"async\" width=\"683\" height=\"1024\" src=\"https:\/\/zlatnigod.hr\/wp-content\/uploads\/2024\/12\/pexels-alessiomedini-6150722-683x1024.jpg\" alt=\"\" class=\"wp-image-189\" srcset=\"https:\/\/zlatnigod.hr\/wp-content\/uploads\/2024\/12\/pexels-alessiomedini-6150722-683x1024.jpg 683w, https:\/\/zlatnigod.hr\/wp-content\/uploads\/2024\/12\/pexels-alessiomedini-6150722-200x300.jpg 200w, https:\/\/zlatnigod.hr\/wp-content\/uploads\/2024\/12\/pexels-alessiomedini-6150722-768x1151.jpg 768w, https:\/\/zlatnigod.hr\/wp-content\/uploads\/2024\/12\/pexels-alessiomedini-6150722-1025x1536.jpg 1025w, https:\/\/zlatnigod.hr\/wp-content\/uploads\/2024\/12\/pexels-alessiomedini-6150722-1367x2048.jpg 1367w, https:\/\/zlatnigod.hr\/wp-content\/uploads\/2024\/12\/pexels-alessiomedini-6150722-600x899.jpg 600w, https:\/\/zlatnigod.hr\/wp-content\/uploads\/2024\/12\/pexels-alessiomedini-6150722-scaled.jpg 1708w\" sizes=\"auto, (max-width: 683px) 100vw, 683px\" \/><\/figure>\n<\/div>\n\n\n\n<div class=\"wp-block-column is-layout-flow wp-block-column-is-layout-flow\" style=\"flex-basis:66.66%\">\n<p><strong>Vizija<\/strong><\/p>\n\n\n\n<p>Na\u0161a je vizija ostvariti stabilno, dugotrajno poslovanje putem odr\u017eivog gospodarenja \u0161umama, prodajom drvnih sirovina i gotovih proizvoda, te pru\u017eanjem usluga u podru\u010dju \u0161umarstva, pilanarstva, stolarstva i graditeljstva. Ta vizija se zasniva na po\u0161tenom odnosu sa suradnicima, znanju i iskustvu, te nepokolebljivoj strasti prema drvu.<\/p>\n\n\n\n<div style=\"height:51px\" aria-hidden=\"true\" class=\"wp-block-spacer\"><\/div>\n\n\n\n<p><strong>Misija<\/strong><\/p>\n\n\n\n<p>Na\u0161a misija je:<\/p>\n\n\n\n<ul class=\"wp-block-list\">\n<li>zaposlenicima omogu\u0107iti povoljne uvjete rada i iznadprosje\u010dnu pla\u0107u<\/li>\n<\/ul>\n\n\n\n<ul class=\"wp-block-list\">\n<li>okrupniti \u0161umske povr\u0161ine te pobolj\u0161ati kvalitetu \u0161uma unutar na\u0161eg gospodarstva djelomi\u010dnim po\u0161umljavanjem ili konverzijom<\/li>\n<\/ul>\n\n\n\n<ul class=\"wp-block-list\">\n<li>razviti konkuretnost na tr\u017ei\u0161tu trupaca<\/li>\n<\/ul>\n\n\n\n<ul class=\"wp-block-list\">\n<li>postepeno preusmjeriti poslovanje s trgovine na proizvodnju<\/li>\n<\/ul>\n<\/div>\n<\/div>\n\n\n\n<p><\/p>\n","protected":false},"excerpt":{"rendered":"<p>Zlatni God j.d.o.o. za gospodarenje \u0161umama, usluge u \u0161umarstvu i trgovinu drvom, za\u017eivjela je 2023. godine. Osniva\u010d tvrtke i njen direktor, Josip Pe\u0161ut, jo\u0161 kao obrtnik je kroz godine rada ostvario brojna poznanstva u drvnoj industriji; partnerstva koja su danas okosnica planova tvrtke i razlog njenog brzog uspona. Licencirani smo izvo\u0111a\u010d radova za uzgoj i [&hellip;]<\/p>\n","protected":false},"author":1,"featured_media":0,"parent":0,"menu_order":0,"comment_status":"closed","ping_status":"open","template":"","meta":{"om_disable_all_campaigns":false,"footnotes":""},"class_list":["post-2","page","type-page","status-publish","hentry"],"_links":{"self":[{"href":"https:\/\/zlatnigod.hr\/index.php\/wp-json\/wp\/v2\/pages\/2","targetHints":{"allow":["GET"]}}],"collection":[{"href":"https:\/\/zlatnigod.hr\/index.php\/wp-json\/wp\/v2\/pages"}],"about":[{"href":"https:\/\/zlatnigod.hr\/index.php\/wp-json\/wp\/v2\/types\/page"}],"author":[{"embeddable":true,"href":"https:\/\/zlatnigod.hr\/index.php\/wp-json\/wp\/v2\/users\/1"}],"replies":[{"embeddable":true,"href":"https:\/\/zlatnigod.hr\/index.php\/wp-json\/wp\/v2\/comments?post=2"}],"version-history":[{"count":19,"href":"https:\/\/zlatnigod.hr\/index.php\/wp-json\/wp\/v2\/pages\/2\/revisions"}],"predecessor-version":[{"id":559,"href":"https:\/\/zlatnigod.hr\/index.php\/wp-json\/wp\/v2\/pages\/2\/revisions\/559"}],"wp:attachment":[{"href":"https:\/\/zlatnigod.hr\/index.php\/wp-json\/wp\/v2\/media?parent=2"}],"curies":[{"name":"wp","href":"https:\/\/api.w.org\/{rel}","templated":true}]}}